{"id":180861,"date":"2025-01-21T13:39:24","date_gmt":"2025-01-21T21:39:24","guid":{"rendered":"https:\/\/robotics.omron.com\/?page_id=180861"},"modified":"2026-04-21T10:23:07","modified_gmt":"2026-04-21T17:23:07","slug":"resources","status":"publish","type":"page","link":"https:\/\/robotics.omron.com\/es\/resources\/","title":{"rendered":"P\u00e1gina de inicio de recursos"},"content":{"rendered":"<section class=\"hero-text-with-drawing bg-beige\">\n\t    \n\t<div class=\"container\">\n\t\t<div class=\"~pt-[7.25rem]\/[10.25rem]\">\n\t\t\t<div class=\"flex max-md:flex-col gap-[1.625rem] lg:gap-[6.25rem] 2xl:gap-[22.875rem] justify-between\">\n\t\t\t\t<div class=\"flex flex-col ~gap-[1.25rem]\/[1.5rem] sm:max-w-[27rem] md:pb-[6rem]\">\n\t\t\t\t\t\t\t\t\t\t\t                    \n    \n    <h1 class=\"main-title  flex flex-wrap\"><span class=\"outer-word\"><span class=\"inner-word\">Centro&nbsp;<\/span><\/span><span class=\"outer-word\"><span class=\"inner-word\">de&nbsp;<\/span><\/span><span class=\"outer-word\"><span class=\"inner-word\">descargas&nbsp;<\/span><\/span><\/h1>\n\t\t\t\t\t\n\t\t\t\t\t\t\t\t\t\t\t<p class=\"para-desc\">Maximice el tiempo de actividad y la seguridad con los recursos de rob\u00f3tica de OMRON: todo lo que necesita para una configuraci\u00f3n eficiente de robots, un funcionamiento fiable y un mantenimiento eficaz.<\/p>\n\t\t\t\t\t\t\t\t\t<\/div>\n\n                                    <div class=\"parallax max-md:w-full max-md:h-[5.875rem] md:basis-[32.875rem] relative md:self-stretch\">\n                        \t\t\t\n        <img decoding=\"async\" class=\"w-full md:min-h-[20.375rem] object-top h-auto absolute top-0 left-0 object-contain opacity-40\" src=\"https:\/\/robotics.omron.com\/wp-content\/uploads\/i4H-Technical-Drawing-1.png?w=546\"  loading=\"eager\" alt=\"i4H-Technical-Drawing (1)\">\n\t\n\n                    <\/div>\n                \t\t\t<\/div>\n\t\t<\/div>\n\t<\/div>\n<\/section>\n\n<section class=\"resources-list bg-white !overflow-clip\">\n\t\n\t\t\n    \n\t<div class=\"container relative\">\n\t\t<div class=\"st-xl sb-xxl relative z-[2]\">\n\t\t\t\t\t\t\t<div class=\"gated-cform\" data-blacklisted-emails='[\"gmail.com\",\"yahoo.com\",\"xyz.com\",\"hotmail.com\",\"googlemail.com\",\"outlook.com\",\"msn.com\",\"live.com\",\"gmx.de\",\"gmx.com\",\"icloud.com\",\"aol.com\",\"dispostable.com\",\"mailinator.com\",\"terra.com.br\",\"hanmail.net\",\"daum.net\",\"sky.com\",\"t-online.de\",\"web.de\"]'>\n\t\t\t\t\t<div class=\"bg-blue rounded-[0.5rem] ~p-[2rem]\/[6rem] relative z-[4]\">\n\t\t\t\t\t\t<div class=\"flex flex-col md:flex-row justify-between ~gap-[1.25rem]\/[9rem]\">\n\t\t\t\t\t\t\t\t\t\t\t\t\t\t\t<div class=\"md:flex-1 md:basis-[27.8125rem] flex flex-col gap-[1.5rem]\">\n\t\t\t\t\t\t\t\t\t                    \n    \n    <h4 class=\"main-title text-white  flex flex-wrap\"><span class=\"outer-word\"><span class=\"inner-word\">Acceda&nbsp;<\/span><\/span><span class=\"outer-word\"><span class=\"inner-word\">a&nbsp;<\/span><\/span><span class=\"outer-word\"><span class=\"inner-word\">nuestros&nbsp;<\/span><\/span><span class=\"outer-word\"><span class=\"inner-word\">recursos&nbsp;<\/span><\/span><\/h4>\n\n\t\t\t\t\t\t\t\t\t\t\t\t\t\t\t\t\t\t\t<p class=\"status-text para-desc default active\">Rellene el formulario para acceder a nuestros recursos. Una vez enviado, recibir\u00e1 acceso inmediato a una variedad de materiales \u00fatiles. Si necesita ayuda, nuestro equipo est\u00e1 aqu\u00ed para ayudarle.  <\/p>\n\t\t\t\t\t\t\t\t\t\n\t\t\t\t\t\t\t\t\t<p class=\"status-text para-desc approved\">Gracias por enviar su informaci\u00f3n. \u00a1Su acceso ha sido aprobado! <\/p>\n\t\t\t\t\t\t\t\t\t<p class=\"status-text para-desc denied \">Su solicitud de acceso ha sido denegada. P\u00f3ngase en contacto con el servicio de asistencia si necesita ayuda. <\/p>\n\t\t\t\t\t\t\t\t\t<p class=\"status-text para-desc pending \">Gracias por enviar su informaci\u00f3n. Su solicitud de acceso a\u00fan est\u00e1 en revisi\u00f3n. Vuelva a consultar en breve.  <\/p>\n\t\t\t\t\t\t\t\t\t<p class=\"status-text para-desc error\">Se ha producido un error al enviar su formulario. Int\u00e9ntelo de nuevo. <\/p>\n\t\t\t\t\t\t\t\t<\/div>\n\t\t\t\t\t\t\t\n\t\t\t\t\t\t\t\t\t\t\t\t\t\t\t\t\t\t\t\t\t\t\t\t\t\t\t\t\t\t\t                                \n                                                                                                    \n\t\t\t\t\t\t\t\t\t\t\t\t\t\t\t\t\t<div class=\"gated-cform-inner\">\n\t\t\t\t\t\t\t\t\t\t<div class=\"gated-cform-step one active\">\n\t\t\t\t\t\t\t\t\t\t\t<div class=\"gated-cform-checker\">\n\t\t\t\t\t\t\t\t\t\t\t\t<input type=\"email\" required placeholder=\"Email\">\n\n\t\t\t\t\t\t\t\t\t\t\t\t<div class=\"gated-cform-error\"><\/div>\n\n\t\t\t\t\t\t\t\t\t\t\t\t<div class=\"btn filled white gated-cform-check\">\n\t\t\t\t\t\t\t\t\t\t\t\t\t<svg width=\"13\" height=\"13\" viewbox=\"0 0 13 13\" fill=\"none\" xmlns=\"http:\/\/www.w3.org\/2000\/svg\">\n\t\t\t\t\t\t\t\t\t\t\t\t\t\t<path d=\"M8.55697 10.375L11.8486 6.94618L8.55697 3.51736\" stroke=\"white\" stroke-width=\"1.5\" stroke-miterlimit=\"10\"\/>\n\t\t\t\t\t\t\t\t\t\t\t\t\t\t<path d=\"M1.01411 0.500006L1.0141 5.84896C1.0141 6.45463 1.50566 6.94618 2.11133 6.94618L11.9863 6.94618\" stroke=\"white\" stroke-width=\"1.5\" stroke-miterlimit=\"10\"\/>\n\t\t\t\t\t\t\t\t\t\t\t\t\t<\/svg>\n\t\t\t\t\t\t\t\t\t\t\t\t\t<p>Submit<\/p>\n\t\t\t\t\t\t\t\t\t\t\t\t<\/div>\n\t\t\t\t\t\t\t\t\t\t\t<\/div>\n\t\t\t\t\t\t\t\t\t\t<\/div>\n\n\t\t\t\t\t\t\t\t\t\t<div class=\"gated-cform-step two\">\n\t\t\t\t\t\t\t\t\t\t\t<div class=\"form-container gated-form\" data-region=\"na2\" data-form-id=\"88b75257-c506-4930-86cc-b2674e86f527\" data-portal-id=\"47882041\"><\/div>\n\t\t\t\t\t\t\t\t\t\t<\/div>\n\t\t\t\t\t\t\t\t\t<\/div>\n\t\t\t\t\t\t\t\t\t\t\t\t\t\t\t\t\t\t\t\t\t<\/div>\n\n\t\t\t\t\t\t\t\t\t\t\t\t\t<div class=\"parallax absolute left-[5.3125rem] bottom-0\">\n\t\t\t\t\t\t\t\t\t\t\t\n        <img decoding=\"async\" class=\"object-contain\" src=\"https:\/\/robotics.omron.com\/wp-content\/uploads\/Isolation_Mode.png?w=257\"  loading=\"eager\" alt=\"Isolation_Mode\">\n\t\n\n\t\t\t\t\t\t\t<\/div>\n\t\t\t\t\t\t\t\t\t\t\t<\/div>\n\t\t\t\t<\/div>\n\n\t\t\t\t<div class=\"lottie-container absolute bottom-0 w-full center-x min-w-[90rem]\">\n\t\t\t\t\t<div class=\"lottie\" data-json=\"https:\/\/robotics.omron.com\/wp-content\/themes\/omron\/assets\/json\/lottie\/green-trail-on-light.json\"><\/div>\n\t\t\t\t<\/div>\n\t\t\t\t\t<\/div>\n\t<\/div>\n\n\t\n    \n\t<dialog class=\"download\">\n\t\t<div class=\"res-dialog-close\">\n\t\t\t<svg class=\"h-[1.25rem] w-[1.25rem]\" width=\"21\" height=\"21\" viewbox=\"0 0 21 21\" fill=\"none\" xmlns=\"http:\/\/www.w3.org\/2000\/svg\">\n\t\t\t\t<path d=\"M3.42969 3.40723L17.5718 17.5494\" stroke=\"white\" stroke-opacity=\"0.6\"\/>\n\t\t\t\t<path d=\"M3.42969 17.5498L17.5718 3.40767\" stroke=\"white\" stroke-opacity=\"0.6\"\/>\n\t\t\t<\/svg>\n\t\t<\/div>\n\n\t\t<div class=\"res-dialog\">\n\t\t\t<p class=\"lg\">\u00bfDescargar o compartir este recurso?<\/p>\n\n\t\t\t<div class=\"flex gap-[0.75rem]\">\n\t\t\t\t<div class=\"confirm btn has-arrow filled blue\">\n\t\t\t\t\t<svg width=\"13\" height=\"13\" viewbox=\"0 0 13 13\" fill=\"none\" xmlns=\"http:\/\/www.w3.org\/2000\/svg\">\n\t\t\t\t\t\t<path d=\"M8.55697 10.375L11.8486 6.94618L8.55697 3.51736\" stroke=\"white\" stroke-width=\"1.5\" stroke-miterlimit=\"10\"\/>\n\t\t\t\t\t\t<path d=\"M1.01411 0.500006L1.0141 5.84896C1.0141 6.45463 1.50566 6.94618 2.11133 6.94618L11.9863 6.94618\" stroke=\"white\" stroke-width=\"1.5\" stroke-miterlimit=\"10\"\/>\n\t\t\t\t\t<\/svg>\n\n\t\t\t\t\t<p>Descargar<\/p>\n\t\t\t\t<\/div>\n\n\t\t\t\t<div class=\"share btn has-arrow has-border blue\">\n\t\t\t\t\t<svg width=\"13\" height=\"13\" viewbox=\"0 0 13 13\" fill=\"none\" xmlns=\"http:\/\/www.w3.org\/2000\/svg\">\n\t\t\t\t\t\t<path d=\"M8.55697 10.375L11.8486 6.94618L8.55697 3.51736\" stroke=\"white\" stroke-width=\"1.5\" stroke-miterlimit=\"10\"\/>\n\t\t\t\t\t\t<path d=\"M1.01411 0.500006L1.0141 5.84896C1.0141 6.45463 1.50566 6.94618 2.11133 6.94618L11.9863 6.94618\" stroke=\"white\" stroke-width=\"1.5\" stroke-miterlimit=\"10\"\/>\n\t\t\t\t\t<\/svg>\n\n\t\t\t\t\t<p>Compartir este recurso<\/p>\n\t\t\t\t<\/div>\n\t\t\t<\/div>\n\t\t<\/div>\n\t<\/dialog>\n<\/section>\n","protected":false},"excerpt":{"rendered":"","protected":false},"author":2,"featured_media":155613,"parent":0,"menu_order":77,"comment_status":"closed","ping_status":"closed","template":"","meta":{"_acf_changed":false,"footnotes":""},"class_list":["post-180861","page","type-page","status-publish","has-post-thumbnail","hentry"],"acf":[],"yoast_head":"<!-- This site is optimized with the Yoast SEO Premium plugin v25.0 (Yoast SEO v26.5) - https:\/\/yoast.com\/wordpress\/plugins\/seo\/ -->\n<title>Centro de descargas | OMRON Robotics<\/title>\n<meta name=\"description\" content=\"Visite nuestro centro de descargas para obtener los \u00faltimos documentos t\u00e9cnicos, manuales de producto y actualizaciones de software que respaldan sus proyectos de automatizaci\u00f3n.\" \/>\n<meta name=\"robots\" content=\"index, follow, max-snippet:-1, max-image-preview:large, max-video-preview:-1\" \/>\n<link rel=\"canonical\" href=\"https:\/\/robotics.omron.com\/es\/resources\/\" \/>\n<meta property=\"og:locale\" content=\"es_ES\" \/>\n<meta property=\"og:type\" content=\"article\" \/>\n<meta property=\"og:title\" content=\"P\u00e1gina de inicio de recursos\" \/>\n<meta property=\"og:description\" content=\"Visite nuestro centro de descargas para obtener los \u00faltimos documentos t\u00e9cnicos, manuales de producto y actualizaciones de software que respaldan sus proyectos de automatizaci\u00f3n.\" \/>\n<meta property=\"og:url\" content=\"https:\/\/robotics.omron.com\/es\/resources\/\" \/>\n<meta property=\"og:site_name\" content=\"OMRON Robotics\" \/>\n<meta property=\"article:modified_time\" content=\"2026-04-21T17:23:07+00:00\" \/>\n<meta property=\"og:image\" content=\"https:\/\/robotics.omron.com\/wp-content\/uploads\/2025\/07\/Using-TMflow-software-to-program-OMRON-collaborative-robots.jpg\" \/>\n\t<meta property=\"og:image:width\" content=\"1920\" \/>\n\t<meta property=\"og:image:height\" content=\"1080\" \/>\n\t<meta property=\"og:image:type\" content=\"image\/jpeg\" \/>\n<meta name=\"twitter:card\" content=\"summary_large_image\" \/>\n<script type=\"application\/ld+json\" class=\"yoast-schema-graph\">{\"@context\":\"https:\/\/schema.org\",\"@graph\":[{\"@type\":\"WebPage\",\"@id\":\"https:\/\/robotics.omron.com\/es\/resources\/\",\"url\":\"https:\/\/robotics.omron.com\/es\/resources\/\",\"name\":\"Centro de descargas | OMRON Robotics\",\"isPartOf\":{\"@id\":\"https:\/\/robotics.omron.com\/es\/#website\"},\"primaryImageOfPage\":{\"@id\":\"https:\/\/robotics.omron.com\/es\/resources\/#primaryimage\"},\"image\":{\"@id\":\"https:\/\/robotics.omron.com\/es\/resources\/#primaryimage\"},\"thumbnailUrl\":\"https:\/\/robotics.omron.com\/wp-content\/uploads\/2025\/07\/Using-TMflow-software-to-program-OMRON-collaborative-robots.jpg\",\"datePublished\":\"2025-01-21T21:39:24+00:00\",\"dateModified\":\"2026-04-21T17:23:07+00:00\",\"description\":\"Visite nuestro centro de descargas para obtener los \u00faltimos documentos t\u00e9cnicos, manuales de producto y actualizaciones de software que respaldan sus proyectos de automatizaci\u00f3n.\",\"breadcrumb\":{\"@id\":\"https:\/\/robotics.omron.com\/es\/resources\/#breadcrumb\"},\"inLanguage\":\"es\",\"potentialAction\":[{\"@type\":\"ReadAction\",\"target\":[\"https:\/\/robotics.omron.com\/es\/resources\/\"]}]},{\"@type\":\"ImageObject\",\"inLanguage\":\"es\",\"@id\":\"https:\/\/robotics.omron.com\/es\/resources\/#primaryimage\",\"url\":\"https:\/\/robotics.omron.com\/wp-content\/uploads\/2025\/07\/Using-TMflow-software-to-program-OMRON-collaborative-robots.jpg\",\"contentUrl\":\"https:\/\/robotics.omron.com\/wp-content\/uploads\/2025\/07\/Using-TMflow-software-to-program-OMRON-collaborative-robots.jpg\",\"width\":1920,\"height\":1080,\"caption\":\"Uso del software TMflow para programar robots colaborativos de OMRON\"},{\"@type\":\"BreadcrumbList\",\"@id\":\"https:\/\/robotics.omron.com\/es\/resources\/#breadcrumb\",\"itemListElement\":[{\"@type\":\"ListItem\",\"position\":1,\"name\":\"Home\",\"item\":\"https:\/\/robotics.omron.com\/es\/\"},{\"@type\":\"ListItem\",\"position\":2,\"name\":\"P\u00e1gina de inicio de recursos\"}]},{\"@type\":\"WebSite\",\"@id\":\"https:\/\/robotics.omron.com\/es\/#website\",\"url\":\"https:\/\/robotics.omron.com\/es\/\",\"name\":\"OMRON Robotics\",\"description\":\"Transforming Manufacturing Through Robotics\",\"publisher\":{\"@id\":\"https:\/\/robotics.omron.com\/es\/#organization\"},\"potentialAction\":[{\"@type\":\"SearchAction\",\"target\":{\"@type\":\"EntryPoint\",\"urlTemplate\":\"https:\/\/robotics.omron.com\/es\/?s={search_term_string}\"},\"query-input\":{\"@type\":\"PropertyValueSpecification\",\"valueRequired\":true,\"valueName\":\"search_term_string\"}}],\"inLanguage\":\"es\"},{\"@type\":\"Organization\",\"@id\":\"https:\/\/robotics.omron.com\/es\/#organization\",\"name\":\"OMRON Robotics\",\"url\":\"https:\/\/robotics.omron.com\/es\/\",\"logo\":{\"@type\":\"ImageObject\",\"inLanguage\":\"es\",\"@id\":\"https:\/\/robotics.omron.com\/es\/#\/schema\/logo\/image\/\",\"url\":\"https:\/\/robotics.omron.com\/wp-content\/uploads\/2025\/08\/OMRON_Logo.svg?w=1024\",\"contentUrl\":\"https:\/\/robotics.omron.com\/wp-content\/uploads\/2025\/08\/OMRON_Logo.svg?w=1024\",\"width\":\"1024\",\"height\":\"1024\",\"caption\":\"OMRON Robotics\"},\"image\":{\"@id\":\"https:\/\/robotics.omron.com\/es\/#\/schema\/logo\/image\/\"},\"sameAs\":[\"https:\/\/www.linkedin.com\/showcase\/omron-robotics\/\",\"https:\/\/www.youtube.com\/@OmronRoboticsAmericas\/featured\"]}]}<\/script>\n<!-- \/ Yoast SEO Premium plugin. -->","yoast_head_json":{"title":"Centro de descargas | OMRON Robotics","description":"Visite nuestro centro de descargas para obtener los \u00faltimos documentos t\u00e9cnicos, manuales de producto y actualizaciones de software que respaldan sus proyectos de automatizaci\u00f3n.","robots":{"index":"index","follow":"follow","max-snippet":"max-snippet:-1","max-image-preview":"max-image-preview:large","max-video-preview":"max-video-preview:-1"},"canonical":"https:\/\/robotics.omron.com\/es\/resources\/","og_locale":"es_ES","og_type":"article","og_title":"P\u00e1gina de inicio de recursos","og_description":"Visite nuestro centro de descargas para obtener los \u00faltimos documentos t\u00e9cnicos, manuales de producto y actualizaciones de software que respaldan sus proyectos de automatizaci\u00f3n.","og_url":"https:\/\/robotics.omron.com\/es\/resources\/","og_site_name":"OMRON Robotics","article_modified_time":"2026-04-21T17:23:07+00:00","og_image":[{"width":1920,"height":1080,"url":"https:\/\/robotics.omron.com\/wp-content\/uploads\/2025\/07\/Using-TMflow-software-to-program-OMRON-collaborative-robots.jpg","type":"image\/jpeg"}],"twitter_card":"summary_large_image","schema":{"@context":"https:\/\/schema.org","@graph":[{"@type":"WebPage","@id":"https:\/\/robotics.omron.com\/es\/resources\/","url":"https:\/\/robotics.omron.com\/es\/resources\/","name":"Centro de descargas | OMRON Robotics","isPartOf":{"@id":"https:\/\/robotics.omron.com\/es\/#website"},"primaryImageOfPage":{"@id":"https:\/\/robotics.omron.com\/es\/resources\/#primaryimage"},"image":{"@id":"https:\/\/robotics.omron.com\/es\/resources\/#primaryimage"},"thumbnailUrl":"https:\/\/robotics.omron.com\/wp-content\/uploads\/2025\/07\/Using-TMflow-software-to-program-OMRON-collaborative-robots.jpg","datePublished":"2025-01-21T21:39:24+00:00","dateModified":"2026-04-21T17:23:07+00:00","description":"Visite nuestro centro de descargas para obtener los \u00faltimos documentos t\u00e9cnicos, manuales de producto y actualizaciones de software que respaldan sus proyectos de automatizaci\u00f3n.","breadcrumb":{"@id":"https:\/\/robotics.omron.com\/es\/resources\/#breadcrumb"},"inLanguage":"es","potentialAction":[{"@type":"ReadAction","target":["https:\/\/robotics.omron.com\/es\/resources\/"]}]},{"@type":"ImageObject","inLanguage":"es","@id":"https:\/\/robotics.omron.com\/es\/resources\/#primaryimage","url":"https:\/\/robotics.omron.com\/wp-content\/uploads\/2025\/07\/Using-TMflow-software-to-program-OMRON-collaborative-robots.jpg","contentUrl":"https:\/\/robotics.omron.com\/wp-content\/uploads\/2025\/07\/Using-TMflow-software-to-program-OMRON-collaborative-robots.jpg","width":1920,"height":1080,"caption":"Uso del software TMflow para programar robots colaborativos de OMRON"},{"@type":"BreadcrumbList","@id":"https:\/\/robotics.omron.com\/es\/resources\/#breadcrumb","itemListElement":[{"@type":"ListItem","position":1,"name":"Home","item":"https:\/\/robotics.omron.com\/es\/"},{"@type":"ListItem","position":2,"name":"P\u00e1gina de inicio de recursos"}]},{"@type":"WebSite","@id":"https:\/\/robotics.omron.com\/es\/#website","url":"https:\/\/robotics.omron.com\/es\/","name":"OMRON Robotics","description":"Transforming Manufacturing Through Robotics","publisher":{"@id":"https:\/\/robotics.omron.com\/es\/#organization"},"potentialAction":[{"@type":"SearchAction","target":{"@type":"EntryPoint","urlTemplate":"https:\/\/robotics.omron.com\/es\/?s={search_term_string}"},"query-input":{"@type":"PropertyValueSpecification","valueRequired":true,"valueName":"search_term_string"}}],"inLanguage":"es"},{"@type":"Organization","@id":"https:\/\/robotics.omron.com\/es\/#organization","name":"OMRON Robotics","url":"https:\/\/robotics.omron.com\/es\/","logo":{"@type":"ImageObject","inLanguage":"es","@id":"https:\/\/robotics.omron.com\/es\/#\/schema\/logo\/image\/","url":"https:\/\/robotics.omron.com\/wp-content\/uploads\/2025\/08\/OMRON_Logo.svg?w=1024","contentUrl":"https:\/\/robotics.omron.com\/wp-content\/uploads\/2025\/08\/OMRON_Logo.svg?w=1024","width":"1024","height":"1024","caption":"OMRON Robotics"},"image":{"@id":"https:\/\/robotics.omron.com\/es\/#\/schema\/logo\/image\/"},"sameAs":["https:\/\/www.linkedin.com\/showcase\/omron-robotics\/","https:\/\/www.youtube.com\/@OmronRoboticsAmericas\/featured"]}]}},"jetpack_sharing_enabled":true,"_links":{"self":[{"href":"https:\/\/robotics.omron.com\/es\/wp-json\/wp\/v2\/pages\/180861","targetHints":{"allow":["GET"]}}],"collection":[{"href":"https:\/\/robotics.omron.com\/es\/wp-json\/wp\/v2\/pages"}],"about":[{"href":"https:\/\/robotics.omron.com\/es\/wp-json\/wp\/v2\/types\/page"}],"author":[{"embeddable":true,"href":"https:\/\/robotics.omron.com\/es\/wp-json\/wp\/v2\/users\/2"}],"replies":[{"embeddable":true,"href":"https:\/\/robotics.omron.com\/es\/wp-json\/wp\/v2\/comments?post=180861"}],"version-history":[{"count":3,"href":"https:\/\/robotics.omron.com\/es\/wp-json\/wp\/v2\/pages\/180861\/revisions"}],"predecessor-version":[{"id":188269,"href":"https:\/\/robotics.omron.com\/es\/wp-json\/wp\/v2\/pages\/180861\/revisions\/188269"}],"wp:featuredmedia":[{"embeddable":true,"href":"https:\/\/robotics.omron.com\/es\/wp-json\/wp\/v2\/media\/155613"}],"wp:attachment":[{"href":"https:\/\/robotics.omron.com\/es\/wp-json\/wp\/v2\/media?parent=180861"}],"curies":[{"name":"wp","href":"https:\/\/api.w.org\/{rel}","templated":true}]}}