{"id":181346,"date":"2025-02-19T08:52:24","date_gmt":"2025-02-19T16:52:24","guid":{"rendered":"https:\/\/robotics.omron.com\/noticias\/"},"modified":"2026-03-17T09:30:22","modified_gmt":"2026-03-17T16:30:22","slug":"news","status":"publish","type":"page","link":"https:\/\/robotics.omron.com\/es\/news\/","title":{"rendered":"Noticias"},"content":{"rendered":"<section class=\"post-blog bg-beige\">\n\t\n\t\t\n\t<div class=\"container\">\n\t\t<div class=\"~pt-[7.25rem]\/[10.25rem] sb-xl relative z-[2]\">\n\t\t\t<div class=\"flex flex-col ~gap-[7.5rem]\/[6rem]\">\n\t\t\t\t<div class=\"flex flex-col ~gap-[1.25rem]\/[1.5rem] sm:max-w-[27rem]\">\n\t\t\t\t\t\t\t\t\t\t\t                    \n    \n    <h1 class=\"main-title  flex flex-wrap\"><span class=\"outer-word\"><span class=\"inner-word\">Centro&nbsp;<\/span><\/span><span class=\"outer-word\"><span class=\"inner-word\">de&nbsp;<\/span><\/span><span class=\"outer-word\"><span class=\"inner-word\">noticias&nbsp;<\/span><\/span><span class=\"outer-word\"><span class=\"inner-word\">de&nbsp;<\/span><\/span><span class=\"outer-word\"><span class=\"inner-word\">rob\u00f3tica&nbsp;<\/span><\/span><\/h1>\n\t\t\t\t\t\n\t\t\t\t\t\t\t\t\t\t\t<p class=\"para-desc\">Reciba las \u00faltimas novedades de OMRON Robotics con actualizaciones sobre lanzamientos de productos, ferias comerciales, an\u00e1lisis de expertos e innovaciones que impulsan la rob\u00f3tica industrial.<\/p>\n\t\t\t\t\t\t\t\t\t<\/div>\n\n\t\t\t\t\t\t\t\t\t<div class=\"flex flex-col ~gap-[3rem]\/[4rem]\">\n\t\t\t\t\t\t\t\t\t\t\t\t\t\t\t\t\t\t\t\t\t\t\t\t\t\t\t\t\t\t\t\t\t\t\n                                                                                        \n\t\t\t\t\t\t\t\t\t\t\t\t\t\t\t\t\t\t\t\t\t\t\t\t\t\t\t\t\n\t\t\t\t\t\t\t<div class=\"box\">\n\t\t\t\t\t\t\t\t<div class=\"relative z-[2] flex items-center ~gap-[1.25rem]\/[9rem] pt-[0.75rem] ~pb-[1.25rem]\/[0.75rem] max-md:flex-col-reverse md:min-h-[22.75rem]\">\n\t\t\t\t\t\t\t\t\t<div class=\"md:flex-1 flex flex-col ~gap-[1.25rem]\/[1.5rem] max-md:pr-[0.75rem] ~pl-[0.75rem]\/[6rem]\">\n\t\t\t\t\t\t\t\t\t\t<div class=\"flex justify-between gap-[1.5rem]\">\n\t\t\t\t\t\t\t\t\t\t\t\t<div class=\"flex gap-[0.5rem] items-center \">\n\t\t<div class=\"w-[0.5rem] h-[0.5rem] shrink-0 bg-green\"><\/div>\n\t\t<small class=\"text-white-60\">Noticias<\/small>\n\t<\/div>\n\t\t\t\t\t\t\t\t\t\t\t<small class=\"text-white-60\">5\/12\/2025<\/small>\n\t\t\t\t\t\t\t\t\t\t<\/div>\n\n\t\t\t\t\t\t\t\t\t\t<div class=\"flex flex-col gap-[0.75rem]\">\n\t\t\t\t\t\t\t\t\t\t\t<h5 class=\"text-white\">OMRON anuncia una importante expansi\u00f3n y mejora de su l\u00ednea de robots colaborativos y software<\/h5>\n\t\t\t\t\t\t\t\t\t\t\t<p class=\"text-white line-clamp-2\">Presentamos los \u00faltimos robots colaborativos de la serie TM S de OMRON: TM6S, TM20S, TM30S, dise\u00f1ados para hacer su producci\u00f3n m\u00e1s inteligente, segura y flexible.<\/p>\n\t\t\t\t\t\t\t\t\t\t<\/div>\n\n\t\t\t\t\t\t\t\t\t\t\t\t\t\n\t\t\t<a class=\"btn filled white  has-arrow\" type=\"button\" href=\"https:\/\/robotics.omron.com\/es\/news\/omron-tm-s-series-launch-tm30s-tm20s-tm6s\/\" target=\"_self\">\n\t\t\t\t\t\t\t<svg width=\"13\" height=\"13\" viewbox=\"0 0 13 13\" fill=\"none\" xmlns=\"http:\/\/www.w3.org\/2000\/svg\">\n\t\t\t\t\t<path d=\"M8.55697 10.375L11.8486 6.94618L8.55697 3.51736\" stroke=\"white\" stroke-width=\"1.5\" stroke-miterlimit=\"10\"\/>\n\t\t\t\t\t<path d=\"M1.01411 0.500006L1.0141 5.84896C1.0141 6.45463 1.50566 6.94618 2.11133 6.94618L11.9863 6.94618\" stroke=\"white\" stroke-width=\"1.5\" stroke-miterlimit=\"10\"\/>\n\t\t\t\t<\/svg>\n\t\t\t\n\t\t\t<p>Sigue leyendo<\/p>\n\t\t<\/a>\n\t\t\t\t\t\t\t\t\t\t<\/div>\n\n\t\t\t\t\t\t\t\t\t\t\t\t\t\t\t\t\t\t\t<div class=\"md:flex-1 relative self-stretch max-md:pl-[0.75rem] pr-[0.75rem]\">\n\t\t\t\t\t\t\t\t\t\t\t<div class=\"max-md:h-[11.25rem] h-full w-full relative rounded-[0.5rem] overflow-hidden\">\n\t\t\t\t\t\t\t\t\t\t\t\t\t\t\t\n        <img decoding=\"async\" class=\"md:absolute md:center-xy md:left-0 md:top-0 h-full w-full\" src=\"https:\/\/robotics.omron.com\/wp-content\/uploads\/2025\/12\/OMRON-TM6S-TM20S-TM25S-and-TM30S-Launch-Banner.png?w=1024\"  loading=\"eager\" alt=\"OMRON TM6S TM20S TM25S and TM30S Launch Banner\">\n\t\n\n\t\t\t\t\t\t\t\t\t\t\t<\/div>\n\t\t\t\t\t\t\t\t\t\t<\/div>\n\t\t\t\t\t\t\t\t\t\t\t\t\t\t\t\t\t<\/div>\n\n\t\t\t\t\t\t\t\t<div class=\"box-orb\">\n\t\t\t\t\t\t\t\t\t<img decoding=\"async\" class=\"object-contain\" src=\"https:\/\/robotics.omron.com\/wp-content\/themes\/omron\/assets\/img\/webp\/blog-feature-orb.webp\" loading=\"lazy\" alt=\"background graphic\">\n\t\t\t\t\t\t\t\t<\/div>\n\t\t\t\t\t\t\t<\/div>\n\t\t\t\t\t\t\n\t\t\t\t\t\t\t\t\t\t\t<\/div>\n\t\t\t\t\t\t\t<\/div>\n\t\t<\/div>\n\n\t\t\t\t\t<div class=\"parallax absolute ~right-[1.375rem]\/[3.625rem] ~top-[18.25rem]\/[9.5rem] pointer-events-none\">\n\t\t\t\t<img decoding=\"async\" class=\"object-contain ~w-[13rem]\/[31.625rem] ~h-[9.25rem]\/[22.375rem]\" src=\"https:\/\/robotics.omron.com\/wp-content\/themes\/omron\/assets\/img\/svg\/cards-icon-robot.svg\" loading=\"lazy\" alt=\"background graphic\">\n\t\t\t<\/div>\n\t\t\t<\/div>\n<\/section>\n\n","protected":false},"excerpt":{"rendered":"","protected":false},"author":3,"featured_media":181347,"parent":0,"menu_order":87,"comment_status":"closed","ping_status":"closed","template":"","meta":{"_acf_changed":false,"footnotes":""},"class_list":["post-181346","page","type-page","status-publish","has-post-thumbnail","hentry"],"acf":[],"yoast_head":"<!-- This site is optimized with the Yoast SEO Premium plugin v25.0 (Yoast SEO v26.5) - https:\/\/yoast.com\/wordpress\/plugins\/seo\/ -->\n<title>Noticias y eventos de OMRON Robotics | \u00daltimas actualizaciones e innovaciones<\/title>\n<meta name=\"description\" content=\"Mant\u00e9ngase al d\u00eda con las noticias de OMRON Robotics, que incluyen comunicados de prensa, lanzamientos de productos, actualizaciones de ferias comerciales y los \u00faltimos avances del sector.\" \/>\n<meta name=\"robots\" content=\"index, follow, max-snippet:-1, max-image-preview:large, max-video-preview:-1\" \/>\n<link rel=\"canonical\" href=\"https:\/\/robotics.omron.com\/es\/news\/\" \/>\n<meta property=\"og:locale\" content=\"es_ES\" \/>\n<meta property=\"og:type\" content=\"article\" \/>\n<meta property=\"og:title\" content=\"Noticias\" \/>\n<meta property=\"og:description\" content=\"Mant\u00e9ngase al d\u00eda con las noticias de OMRON Robotics, que incluyen comunicados de prensa, lanzamientos de productos, actualizaciones de ferias comerciales y los \u00faltimos avances del sector.\" \/>\n<meta property=\"og:url\" content=\"https:\/\/robotics.omron.com\/es\/news\/\" \/>\n<meta property=\"og:site_name\" content=\"OMRON Robotics\" \/>\n<meta property=\"article:modified_time\" content=\"2026-03-17T16:30:22+00:00\" \/>\n<meta property=\"og:image\" content=\"https:\/\/robotics.omron.com\/wp-content\/uploads\/2025\/06\/News-Thumbnail_SEI-Automation.jpg\" \/>\n\t<meta property=\"og:image:width\" content=\"4032\" \/>\n\t<meta property=\"og:image:height\" content=\"1328\" \/>\n\t<meta property=\"og:image:type\" content=\"image\/jpeg\" \/>\n<meta name=\"twitter:card\" content=\"summary_large_image\" \/>\n<script type=\"application\/ld+json\" class=\"yoast-schema-graph\">{\"@context\":\"https:\/\/schema.org\",\"@graph\":[{\"@type\":\"WebPage\",\"@id\":\"https:\/\/robotics.omron.com\/es\/news\/\",\"url\":\"https:\/\/robotics.omron.com\/es\/news\/\",\"name\":\"Noticias y eventos de OMRON Robotics | \u00daltimas actualizaciones e innovaciones\",\"isPartOf\":{\"@id\":\"https:\/\/robotics.omron.com\/es\/#website\"},\"primaryImageOfPage\":{\"@id\":\"https:\/\/robotics.omron.com\/es\/news\/#primaryimage\"},\"image\":{\"@id\":\"https:\/\/robotics.omron.com\/es\/news\/#primaryimage\"},\"thumbnailUrl\":\"https:\/\/robotics.omron.com\/wp-content\/uploads\/2025\/06\/News-Thumbnail_SEI-Automation.jpg\",\"datePublished\":\"2025-02-19T16:52:24+00:00\",\"dateModified\":\"2026-03-17T16:30:22+00:00\",\"description\":\"Mant\u00e9ngase al d\u00eda con las noticias de OMRON Robotics, que incluyen comunicados de prensa, lanzamientos de productos, actualizaciones de ferias comerciales y los \u00faltimos avances del sector.\",\"breadcrumb\":{\"@id\":\"https:\/\/robotics.omron.com\/es\/news\/#breadcrumb\"},\"inLanguage\":\"es\",\"potentialAction\":[{\"@type\":\"ReadAction\",\"target\":[\"https:\/\/robotics.omron.com\/es\/news\/\"]}]},{\"@type\":\"ImageObject\",\"inLanguage\":\"es\",\"@id\":\"https:\/\/robotics.omron.com\/es\/news\/#primaryimage\",\"url\":\"https:\/\/robotics.omron.com\/wp-content\/uploads\/2025\/06\/News-Thumbnail_SEI-Automation.jpg\",\"contentUrl\":\"https:\/\/robotics.omron.com\/wp-content\/uploads\/2025\/06\/News-Thumbnail_SEI-Automation.jpg\",\"width\":4032,\"height\":1328,\"caption\":\"Anuncio de la asociaci\u00f3n OMRON SEI Automation\"},{\"@type\":\"BreadcrumbList\",\"@id\":\"https:\/\/robotics.omron.com\/es\/news\/#breadcrumb\",\"itemListElement\":[{\"@type\":\"ListItem\",\"position\":1,\"name\":\"Home\",\"item\":\"https:\/\/robotics.omron.com\/es\/\"},{\"@type\":\"ListItem\",\"position\":2,\"name\":\"Noticias\"}]},{\"@type\":\"WebSite\",\"@id\":\"https:\/\/robotics.omron.com\/es\/#website\",\"url\":\"https:\/\/robotics.omron.com\/es\/\",\"name\":\"OMRON Robotics\",\"description\":\"Transforming Manufacturing Through Robotics\",\"publisher\":{\"@id\":\"https:\/\/robotics.omron.com\/es\/#organization\"},\"potentialAction\":[{\"@type\":\"SearchAction\",\"target\":{\"@type\":\"EntryPoint\",\"urlTemplate\":\"https:\/\/robotics.omron.com\/es\/?s={search_term_string}\"},\"query-input\":{\"@type\":\"PropertyValueSpecification\",\"valueRequired\":true,\"valueName\":\"search_term_string\"}}],\"inLanguage\":\"es\"},{\"@type\":\"Organization\",\"@id\":\"https:\/\/robotics.omron.com\/es\/#organization\",\"name\":\"OMRON Robotics\",\"url\":\"https:\/\/robotics.omron.com\/es\/\",\"logo\":{\"@type\":\"ImageObject\",\"inLanguage\":\"es\",\"@id\":\"https:\/\/robotics.omron.com\/es\/#\/schema\/logo\/image\/\",\"url\":\"https:\/\/robotics.omron.com\/wp-content\/uploads\/2025\/08\/OMRON_Logo.svg?w=1024\",\"contentUrl\":\"https:\/\/robotics.omron.com\/wp-content\/uploads\/2025\/08\/OMRON_Logo.svg?w=1024\",\"width\":\"1024\",\"height\":\"1024\",\"caption\":\"OMRON Robotics\"},\"image\":{\"@id\":\"https:\/\/robotics.omron.com\/es\/#\/schema\/logo\/image\/\"},\"sameAs\":[\"https:\/\/www.linkedin.com\/showcase\/omron-robotics\/\",\"https:\/\/www.youtube.com\/@OmronRoboticsAmericas\/featured\"]}]}<\/script>\n<!-- \/ Yoast SEO Premium plugin. -->","yoast_head_json":{"title":"Noticias y eventos de OMRON Robotics | \u00daltimas actualizaciones e innovaciones","description":"Mant\u00e9ngase al d\u00eda con las noticias de OMRON Robotics, que incluyen comunicados de prensa, lanzamientos de productos, actualizaciones de ferias comerciales y los \u00faltimos avances del sector.","robots":{"index":"index","follow":"follow","max-snippet":"max-snippet:-1","max-image-preview":"max-image-preview:large","max-video-preview":"max-video-preview:-1"},"canonical":"https:\/\/robotics.omron.com\/es\/news\/","og_locale":"es_ES","og_type":"article","og_title":"Noticias","og_description":"Mant\u00e9ngase al d\u00eda con las noticias de OMRON Robotics, que incluyen comunicados de prensa, lanzamientos de productos, actualizaciones de ferias comerciales y los \u00faltimos avances del sector.","og_url":"https:\/\/robotics.omron.com\/es\/news\/","og_site_name":"OMRON Robotics","article_modified_time":"2026-03-17T16:30:22+00:00","og_image":[{"width":4032,"height":1328,"url":"https:\/\/robotics.omron.com\/wp-content\/uploads\/2025\/06\/News-Thumbnail_SEI-Automation.jpg","type":"image\/jpeg"}],"twitter_card":"summary_large_image","schema":{"@context":"https:\/\/schema.org","@graph":[{"@type":"WebPage","@id":"https:\/\/robotics.omron.com\/es\/news\/","url":"https:\/\/robotics.omron.com\/es\/news\/","name":"Noticias y eventos de OMRON Robotics | \u00daltimas actualizaciones e innovaciones","isPartOf":{"@id":"https:\/\/robotics.omron.com\/es\/#website"},"primaryImageOfPage":{"@id":"https:\/\/robotics.omron.com\/es\/news\/#primaryimage"},"image":{"@id":"https:\/\/robotics.omron.com\/es\/news\/#primaryimage"},"thumbnailUrl":"https:\/\/robotics.omron.com\/wp-content\/uploads\/2025\/06\/News-Thumbnail_SEI-Automation.jpg","datePublished":"2025-02-19T16:52:24+00:00","dateModified":"2026-03-17T16:30:22+00:00","description":"Mant\u00e9ngase al d\u00eda con las noticias de OMRON Robotics, que incluyen comunicados de prensa, lanzamientos de productos, actualizaciones de ferias comerciales y los \u00faltimos avances del sector.","breadcrumb":{"@id":"https:\/\/robotics.omron.com\/es\/news\/#breadcrumb"},"inLanguage":"es","potentialAction":[{"@type":"ReadAction","target":["https:\/\/robotics.omron.com\/es\/news\/"]}]},{"@type":"ImageObject","inLanguage":"es","@id":"https:\/\/robotics.omron.com\/es\/news\/#primaryimage","url":"https:\/\/robotics.omron.com\/wp-content\/uploads\/2025\/06\/News-Thumbnail_SEI-Automation.jpg","contentUrl":"https:\/\/robotics.omron.com\/wp-content\/uploads\/2025\/06\/News-Thumbnail_SEI-Automation.jpg","width":4032,"height":1328,"caption":"Anuncio de la asociaci\u00f3n OMRON SEI Automation"},{"@type":"BreadcrumbList","@id":"https:\/\/robotics.omron.com\/es\/news\/#breadcrumb","itemListElement":[{"@type":"ListItem","position":1,"name":"Home","item":"https:\/\/robotics.omron.com\/es\/"},{"@type":"ListItem","position":2,"name":"Noticias"}]},{"@type":"WebSite","@id":"https:\/\/robotics.omron.com\/es\/#website","url":"https:\/\/robotics.omron.com\/es\/","name":"OMRON Robotics","description":"Transforming Manufacturing Through Robotics","publisher":{"@id":"https:\/\/robotics.omron.com\/es\/#organization"},"potentialAction":[{"@type":"SearchAction","target":{"@type":"EntryPoint","urlTemplate":"https:\/\/robotics.omron.com\/es\/?s={search_term_string}"},"query-input":{"@type":"PropertyValueSpecification","valueRequired":true,"valueName":"search_term_string"}}],"inLanguage":"es"},{"@type":"Organization","@id":"https:\/\/robotics.omron.com\/es\/#organization","name":"OMRON Robotics","url":"https:\/\/robotics.omron.com\/es\/","logo":{"@type":"ImageObject","inLanguage":"es","@id":"https:\/\/robotics.omron.com\/es\/#\/schema\/logo\/image\/","url":"https:\/\/robotics.omron.com\/wp-content\/uploads\/2025\/08\/OMRON_Logo.svg?w=1024","contentUrl":"https:\/\/robotics.omron.com\/wp-content\/uploads\/2025\/08\/OMRON_Logo.svg?w=1024","width":"1024","height":"1024","caption":"OMRON Robotics"},"image":{"@id":"https:\/\/robotics.omron.com\/es\/#\/schema\/logo\/image\/"},"sameAs":["https:\/\/www.linkedin.com\/showcase\/omron-robotics\/","https:\/\/www.youtube.com\/@OmronRoboticsAmericas\/featured"]}]}},"jetpack_sharing_enabled":true,"_links":{"self":[{"href":"https:\/\/robotics.omron.com\/es\/wp-json\/wp\/v2\/pages\/181346","targetHints":{"allow":["GET"]}}],"collection":[{"href":"https:\/\/robotics.omron.com\/es\/wp-json\/wp\/v2\/pages"}],"about":[{"href":"https:\/\/robotics.omron.com\/es\/wp-json\/wp\/v2\/types\/page"}],"author":[{"embeddable":true,"href":"https:\/\/robotics.omron.com\/es\/wp-json\/wp\/v2\/users\/3"}],"replies":[{"embeddable":true,"href":"https:\/\/robotics.omron.com\/es\/wp-json\/wp\/v2\/comments?post=181346"}],"version-history":[{"count":1,"href":"https:\/\/robotics.omron.com\/es\/wp-json\/wp\/v2\/pages\/181346\/revisions"}],"predecessor-version":[{"id":181348,"href":"https:\/\/robotics.omron.com\/es\/wp-json\/wp\/v2\/pages\/181346\/revisions\/181348"}],"wp:featuredmedia":[{"embeddable":true,"href":"https:\/\/robotics.omron.com\/es\/wp-json\/wp\/v2\/media\/181347"}],"wp:attachment":[{"href":"https:\/\/robotics.omron.com\/es\/wp-json\/wp\/v2\/media?parent=181346"}],"curies":[{"name":"wp","href":"https:\/\/api.w.org\/{rel}","templated":true}]}}