{"id":158825,"date":"2025-02-19T08:52:24","date_gmt":"2025-02-19T16:52:24","guid":{"rendered":"https:\/\/robotics.omron.com\/noticias-de-aterrissagem\/"},"modified":"2025-11-06T23:44:38","modified_gmt":"2025-11-07T07:44:38","slug":"noticias-de-aterrissagem","status":"publish","type":"page","link":"https:\/\/robotics.omron.com\/pt-br\/noticias-de-aterrissagem\/","title":{"rendered":"Not\u00edcias de aterrissagem"},"content":{"rendered":"","protected":false},"excerpt":{"rendered":"","protected":false},"author":3,"featured_media":0,"parent":0,"menu_order":83,"comment_status":"closed","ping_status":"closed","template":"","meta":{"_acf_changed":false,"footnotes":""},"class_list":["post-158825","page","type-page","status-publish","hentry"],"acf":[],"yoast_head":"<!-- This site is optimized with the Yoast SEO Premium plugin v25.0 (Yoast SEO v26.5) - https:\/\/yoast.com\/wordpress\/plugins\/seo\/ -->\n<title>Not\u00edcias e eventos da OMRON Robotics | \u00daltimas atualiza\u00e7\u00f5es e inova\u00e7\u00f5es<\/title>\n<meta name=\"description\" content=\"Mantenha-se atualizado com as not\u00edcias da OMRON Robotics - com comunicados \u00e0 imprensa, lan\u00e7amentos de produtos, atualiza\u00e7\u00f5es de feiras e os \u00faltimos avan\u00e7os do setor.\" \/>\n<meta name=\"robots\" content=\"index, follow, max-snippet:-1, max-image-preview:large, max-video-preview:-1\" \/>\n<link rel=\"canonical\" href=\"https:\/\/robotics.omron.com\/pt-br\/noticias-de-aterrissagem\/\" \/>\n<meta property=\"og:locale\" content=\"pt_BR\" \/>\n<meta property=\"og:type\" content=\"article\" \/>\n<meta property=\"og:title\" content=\"Not\u00edcias de aterrissagem\" \/>\n<meta property=\"og:description\" content=\"Mantenha-se atualizado com as not\u00edcias da OMRON Robotics - com comunicados \u00e0 imprensa, lan\u00e7amentos de produtos, atualiza\u00e7\u00f5es de feiras e os \u00faltimos avan\u00e7os do setor.\" \/>\n<meta property=\"og:url\" content=\"https:\/\/robotics.omron.com\/pt-br\/noticias-de-aterrissagem\/\" \/>\n<meta property=\"og:site_name\" content=\"OMRON Robotics\" \/>\n<meta property=\"article:modified_time\" content=\"2025-11-07T07:44:38+00:00\" \/>\n<meta name=\"twitter:card\" content=\"summary_large_image\" \/>\n<script type=\"application\/ld+json\" class=\"yoast-schema-graph\">{\"@context\":\"https:\/\/schema.org\",\"@graph\":[{\"@type\":\"WebPage\",\"@id\":\"https:\/\/robotics.omron.com\/pt-br\/noticias-de-aterrissagem\/\",\"url\":\"https:\/\/robotics.omron.com\/pt-br\/noticias-de-aterrissagem\/\",\"name\":\"Not\u00edcias e eventos da OMRON Robotics | \u00daltimas atualiza\u00e7\u00f5es e inova\u00e7\u00f5es\",\"isPartOf\":{\"@id\":\"https:\/\/robotics.omron.com\/pt-br\/#website\"},\"datePublished\":\"2025-02-19T16:52:24+00:00\",\"dateModified\":\"2025-11-07T07:44:38+00:00\",\"description\":\"Mantenha-se atualizado com as not\u00edcias da OMRON Robotics - com comunicados \u00e0 imprensa, lan\u00e7amentos de produtos, atualiza\u00e7\u00f5es de feiras e os \u00faltimos avan\u00e7os do setor.\",\"breadcrumb\":{\"@id\":\"https:\/\/robotics.omron.com\/pt-br\/noticias-de-aterrissagem\/#breadcrumb\"},\"inLanguage\":\"pt-BR\",\"potentialAction\":[{\"@type\":\"ReadAction\",\"target\":[\"https:\/\/robotics.omron.com\/pt-br\/noticias-de-aterrissagem\/\"]}]},{\"@type\":\"BreadcrumbList\",\"@id\":\"https:\/\/robotics.omron.com\/pt-br\/noticias-de-aterrissagem\/#breadcrumb\",\"itemListElement\":[{\"@type\":\"ListItem\",\"position\":1,\"name\":\"Home\",\"item\":\"https:\/\/robotics.omron.com\/pt-br\/\"},{\"@type\":\"ListItem\",\"position\":2,\"name\":\"Not\u00edcias de aterrissagem\"}]},{\"@type\":\"WebSite\",\"@id\":\"https:\/\/robotics.omron.com\/pt-br\/#website\",\"url\":\"https:\/\/robotics.omron.com\/pt-br\/\",\"name\":\"OMRON Robotics\",\"description\":\"Transforming Manufacturing Through Robotics\",\"publisher\":{\"@id\":\"https:\/\/robotics.omron.com\/pt-br\/#organization\"},\"potentialAction\":[{\"@type\":\"SearchAction\",\"target\":{\"@type\":\"EntryPoint\",\"urlTemplate\":\"https:\/\/robotics.omron.com\/pt-br\/?s={search_term_string}\"},\"query-input\":{\"@type\":\"PropertyValueSpecification\",\"valueRequired\":true,\"valueName\":\"search_term_string\"}}],\"inLanguage\":\"pt-BR\"},{\"@type\":\"Organization\",\"@id\":\"https:\/\/robotics.omron.com\/pt-br\/#organization\",\"name\":\"OMRON Robotics\",\"url\":\"https:\/\/robotics.omron.com\/pt-br\/\",\"logo\":{\"@type\":\"ImageObject\",\"inLanguage\":\"pt-BR\",\"@id\":\"https:\/\/robotics.omron.com\/pt-br\/#\/schema\/logo\/image\/\",\"url\":\"https:\/\/robotics.omron.com\/wp-content\/uploads\/2025\/08\/OMRON_Logo.svg?w=1024\",\"contentUrl\":\"https:\/\/robotics.omron.com\/wp-content\/uploads\/2025\/08\/OMRON_Logo.svg?w=1024\",\"width\":\"1024\",\"height\":\"1024\",\"caption\":\"OMRON Robotics\"},\"image\":{\"@id\":\"https:\/\/robotics.omron.com\/pt-br\/#\/schema\/logo\/image\/\"},\"sameAs\":[\"https:\/\/www.linkedin.com\/showcase\/omron-robotics\/\",\"https:\/\/www.youtube.com\/@OmronRoboticsAmericas\/featured\"]}]}<\/script>\n<!-- \/ Yoast SEO Premium plugin. -->","yoast_head_json":{"title":"Not\u00edcias e eventos da OMRON Robotics | \u00daltimas atualiza\u00e7\u00f5es e inova\u00e7\u00f5es","description":"Mantenha-se atualizado com as not\u00edcias da OMRON Robotics - com comunicados \u00e0 imprensa, lan\u00e7amentos de produtos, atualiza\u00e7\u00f5es de feiras e os \u00faltimos avan\u00e7os do setor.","robots":{"index":"index","follow":"follow","max-snippet":"max-snippet:-1","max-image-preview":"max-image-preview:large","max-video-preview":"max-video-preview:-1"},"canonical":"https:\/\/robotics.omron.com\/pt-br\/noticias-de-aterrissagem\/","og_locale":"pt_BR","og_type":"article","og_title":"Not\u00edcias de aterrissagem","og_description":"Mantenha-se atualizado com as not\u00edcias da OMRON Robotics - com comunicados \u00e0 imprensa, lan\u00e7amentos de produtos, atualiza\u00e7\u00f5es de feiras e os \u00faltimos avan\u00e7os do setor.","og_url":"https:\/\/robotics.omron.com\/pt-br\/noticias-de-aterrissagem\/","og_site_name":"OMRON Robotics","article_modified_time":"2025-11-07T07:44:38+00:00","twitter_card":"summary_large_image","schema":{"@context":"https:\/\/schema.org","@graph":[{"@type":"WebPage","@id":"https:\/\/robotics.omron.com\/pt-br\/noticias-de-aterrissagem\/","url":"https:\/\/robotics.omron.com\/pt-br\/noticias-de-aterrissagem\/","name":"Not\u00edcias e eventos da OMRON Robotics | \u00daltimas atualiza\u00e7\u00f5es e inova\u00e7\u00f5es","isPartOf":{"@id":"https:\/\/robotics.omron.com\/pt-br\/#website"},"datePublished":"2025-02-19T16:52:24+00:00","dateModified":"2025-11-07T07:44:38+00:00","description":"Mantenha-se atualizado com as not\u00edcias da OMRON Robotics - com comunicados \u00e0 imprensa, lan\u00e7amentos de produtos, atualiza\u00e7\u00f5es de feiras e os \u00faltimos avan\u00e7os do setor.","breadcrumb":{"@id":"https:\/\/robotics.omron.com\/pt-br\/noticias-de-aterrissagem\/#breadcrumb"},"inLanguage":"pt-BR","potentialAction":[{"@type":"ReadAction","target":["https:\/\/robotics.omron.com\/pt-br\/noticias-de-aterrissagem\/"]}]},{"@type":"BreadcrumbList","@id":"https:\/\/robotics.omron.com\/pt-br\/noticias-de-aterrissagem\/#breadcrumb","itemListElement":[{"@type":"ListItem","position":1,"name":"Home","item":"https:\/\/robotics.omron.com\/pt-br\/"},{"@type":"ListItem","position":2,"name":"Not\u00edcias de aterrissagem"}]},{"@type":"WebSite","@id":"https:\/\/robotics.omron.com\/pt-br\/#website","url":"https:\/\/robotics.omron.com\/pt-br\/","name":"OMRON Robotics","description":"Transforming Manufacturing Through Robotics","publisher":{"@id":"https:\/\/robotics.omron.com\/pt-br\/#organization"},"potentialAction":[{"@type":"SearchAction","target":{"@type":"EntryPoint","urlTemplate":"https:\/\/robotics.omron.com\/pt-br\/?s={search_term_string}"},"query-input":{"@type":"PropertyValueSpecification","valueRequired":true,"valueName":"search_term_string"}}],"inLanguage":"pt-BR"},{"@type":"Organization","@id":"https:\/\/robotics.omron.com\/pt-br\/#organization","name":"OMRON Robotics","url":"https:\/\/robotics.omron.com\/pt-br\/","logo":{"@type":"ImageObject","inLanguage":"pt-BR","@id":"https:\/\/robotics.omron.com\/pt-br\/#\/schema\/logo\/image\/","url":"https:\/\/robotics.omron.com\/wp-content\/uploads\/2025\/08\/OMRON_Logo.svg?w=1024","contentUrl":"https:\/\/robotics.omron.com\/wp-content\/uploads\/2025\/08\/OMRON_Logo.svg?w=1024","width":"1024","height":"1024","caption":"OMRON Robotics"},"image":{"@id":"https:\/\/robotics.omron.com\/pt-br\/#\/schema\/logo\/image\/"},"sameAs":["https:\/\/www.linkedin.com\/showcase\/omron-robotics\/","https:\/\/www.youtube.com\/@OmronRoboticsAmericas\/featured"]}]}},"jetpack_sharing_enabled":true,"_links":{"self":[{"href":"https:\/\/robotics.omron.com\/pt-br\/wp-json\/wp\/v2\/pages\/158825","targetHints":{"allow":["GET"]}}],"collection":[{"href":"https:\/\/robotics.omron.com\/pt-br\/wp-json\/wp\/v2\/pages"}],"about":[{"href":"https:\/\/robotics.omron.com\/pt-br\/wp-json\/wp\/v2\/types\/page"}],"author":[{"embeddable":true,"href":"https:\/\/robotics.omron.com\/pt-br\/wp-json\/wp\/v2\/users\/3"}],"replies":[{"embeddable":true,"href":"https:\/\/robotics.omron.com\/pt-br\/wp-json\/wp\/v2\/comments?post=158825"}],"version-history":[{"count":1,"href":"https:\/\/robotics.omron.com\/pt-br\/wp-json\/wp\/v2\/pages\/158825\/revisions"}],"predecessor-version":[{"id":171705,"href":"https:\/\/robotics.omron.com\/pt-br\/wp-json\/wp\/v2\/pages\/158825\/revisions\/171705"}],"wp:attachment":[{"href":"https:\/\/robotics.omron.com\/pt-br\/wp-json\/wp\/v2\/media?parent=158825"}],"curies":[{"name":"wp","href":"https:\/\/api.w.org\/{rel}","templated":true}]}}