{"id":187032,"date":"2026-04-06T07:42:41","date_gmt":"2026-04-06T14:42:41","guid":{"rendered":"https:\/\/robotics.omron.com\/nova-serie-ld\/"},"modified":"2026-04-06T08:13:03","modified_gmt":"2026-04-06T15:13:03","slug":"new-ld-series","status":"publish","type":"page","link":"https:\/\/robotics.omron.com\/pt-br\/new-ld-series\/","title":{"rendered":"Nova S\u00e9rie LD"},"content":{"rendered":"<section class=\"hero-content-image\">\n\t\n\t<div class=\"w-full relative\">\n\t\t<div class=\"w-full relative z-[2]\">\n\t\t\t<div class=\"container\">\n\t\t\t\t<div class=\"pt-[23.4svh] ~pb-[5rem]\/[3rem] flex flex-col min-h-[100svh] justify-between gap-[2rem]\">\n                                            <div class=\"heading opacity-0 translate-y-[1.25rem]\"><p><strong>Chegando no 4\u00ba trimestre de 2026<\/strong><br \/>\nA nova S\u00e9rie LD<\/p>\n<\/div>\n                    \t\t\t\t<\/div>\n\t\t\t<\/div>\n\n\t\t\t<div class=\"ticker translate-x-full absolute bottom-0 right-0 ~h-[1.25rem]\/[1.875rem] ~w-[15.625rem]\/[40.93rem]\">\n\t\t\t\t<svg class=\"h-full w-auto\" width=\"655\" height=\"31\" viewbox=\"0 0 655 31\" fill=\"none\" xmlns=\"http:\/\/www.w3.org\/2000\/svg\">\n\t\t\t\t\t<line x1=\"655\" y1=\"15.5\" x2=\"-1.31134e-06\" y2=\"15.4999\" stroke=\"url(#paint0_linear_5996_20934)\" stroke-width=\"30\" stroke-dasharray=\"3 7\"\/>\n\t\t\t\t\t<defs>\n\t\t\t\t\t\t<linearGradient id=\"paint0_linear_5996_20934\" x1=\"655\" y1=\"16.5\" x2=\"-3.68584e-06\" y2=\"13.5\" gradientunits=\"userSpaceOnUse\">\n\t\t\t\t\t\t\t<stop stop-color=\"#6AFF96\" stop-opacity=\"0\"\/>\n\t\t\t\t\t\t\t<stop offset=\"1\" stop-color=\"#6AFF96\"\/>\n\t\t\t\t\t\t<\/linearGradient>\n\t\t\t\t\t<\/defs>\n\t\t\t\t<\/svg>\n\t\t\t<\/div>\n\t\t<\/div>\n\n                    <div class=\"media-container image\">\n                                \n                \t\t\t\n        <img decoding=\"async\" class=\"\" src=\"https:\/\/robotics.omron.com\/wp-content\/uploads\/2026\/04\/IMAGE_B-Drama_4.6.jpg\"  loading=\"eager\" alt=\"IMAGE_B Drama_4.6\">\n\t\n\n            <\/div>\n        \t<\/div>\n<\/section>\n\n\n<section class=\"content-four-simple-cards bg-beige\">\n\t\n\t\t\n\t<div class=\"container relative z-[2]\">\n\t\t<div class=\"st-xxl ~pb-[7.5rem]\/[9rem]\">\n\t\t\t\t\t\t\t<div class=\"grid md:grid-cols-2 lg:grid-cols-4 ~gap-[0.75rem]\/[1.5rem]\">\n\t\t\t\t\t\t\t\t\t\t\t\t\t\t\t\t\t\t<div class=\"item relative ~px-[1.5rem]\/[2.25rem] ~py-[1.5rem]\/[2.25rem] min-h-[8.75rem] rounded-[0.5rem] overflow-hidden bg-blue\">\n\t\t\t\t\t\t\t\t<h6 class=\"relative z-[2] text-white\">Design mais compacto.<\/h6>\n\n\t\t\t\t\t\t\t\t<div class=\"orb absolute pointer-events-none top-0 left-0 z-[1] opacity-0 w-[25rem] h-[25rem]\">\n\t\t\t\t\t\t\t\t\t<img decoding=\"async\" class=\"object-contain opacity-40\" loading=\"lazy\" src=\"https:\/\/robotics.omron.com\/wp-content\/themes\/omron\/assets\/img\/webp\/orb-white.webp\" alt=\"moving orb\">\n\t\t\t\t\t\t\t\t<\/div>\n\t\t\t\t\t\t\t<\/div>\n\t\t\t\t\t\t\t\t\t\t\t\t\t\t\t\t\t\t\t\t\t\t\t\t<div class=\"item relative ~px-[1.5rem]\/[2.25rem] ~py-[1.5rem]\/[2.25rem] min-h-[8.75rem] rounded-[0.5rem] overflow-hidden bg-green\">\n\t\t\t\t\t\t\t\t<h6 class=\"relative z-[2] text-black\">Maior capacidade de carga.<\/h6>\n\n\t\t\t\t\t\t\t\t<div class=\"orb absolute pointer-events-none top-0 left-0 z-[1] opacity-0 w-[25rem] h-[25rem]\">\n\t\t\t\t\t\t\t\t\t<img decoding=\"async\" class=\"object-contain opacity-40\" loading=\"lazy\" src=\"https:\/\/robotics.omron.com\/wp-content\/themes\/omron\/assets\/img\/webp\/orb-white.webp\" alt=\"moving orb\">\n\t\t\t\t\t\t\t\t<\/div>\n\t\t\t\t\t\t\t<\/div>\n\t\t\t\t\t\t\t\t\t\t\t\t\t\t\t\t\t\t\t\t\t\t\t\t<div class=\"item relative ~px-[1.5rem]\/[2.25rem] ~py-[1.5rem]\/[2.25rem] min-h-[8.75rem] rounded-[0.5rem] overflow-hidden bg-black\">\n\t\t\t\t\t\t\t\t<h6 class=\"relative z-[2] text-white\">Maior disponibilidade.<\/h6>\n\n\t\t\t\t\t\t\t\t<div class=\"orb absolute pointer-events-none top-0 left-0 z-[1] opacity-0 w-[25rem] h-[25rem]\">\n\t\t\t\t\t\t\t\t\t<img decoding=\"async\" class=\"object-contain opacity-40\" loading=\"lazy\" src=\"https:\/\/robotics.omron.com\/wp-content\/themes\/omron\/assets\/img\/webp\/orb-white.webp\" alt=\"moving orb\">\n\t\t\t\t\t\t\t\t<\/div>\n\t\t\t\t\t\t\t<\/div>\n\t\t\t\t\t\t\t\t\t\t\t\t\t\t\t\t\t\t\t\t\t\t\t\t<div class=\"item relative ~px-[1.5rem]\/[2.25rem] ~py-[1.5rem]\/[2.25rem] min-h-[8.75rem] rounded-[0.5rem] overflow-hidden bg-white\">\n\t\t\t\t\t\t\t\t<h6 class=\"relative z-[2] text-black\">Seguran\u00e7a aprimorada.<\/h6>\n\n\t\t\t\t\t\t\t\t<div class=\"orb absolute pointer-events-none top-0 left-0 z-[1] opacity-0 w-[25rem] h-[25rem]\">\n\t\t\t\t\t\t\t\t\t<img decoding=\"async\" class=\"object-contain opacity-40\" loading=\"lazy\" src=\"https:\/\/robotics.omron.com\/wp-content\/themes\/omron\/assets\/img\/webp\/orb-white.webp\" alt=\"moving orb\">\n\t\t\t\t\t\t\t\t<\/div>\n\t\t\t\t\t\t\t<\/div>\n\t\t\t\t\t\t\t\t\t\t\t\t\t\t\t<\/div>\n\t\t\t\t\t<\/div>\n\t<\/div>\n<\/section>\n\n\n<section class=\"page-footer-form relative\">\n\t\n\t\t\n\t<div class=\"st-xl sb-xl\">\n\t\t<div class=\"container relative z-[2]\">\n\t\t\t<div class=\"flex flex-col ~gap-[1.5rem]\/[2.25rem] ~px-[0rem]\/[18.75rem]\">\n\t\t\t\t\t\t\t\t\t                    \n    \n    <h3 class=\"main-title  flex flex-wrap\"><span class=\"outer-word\"><span class=\"inner-word\">Seja&nbsp;<\/span><\/span><span class=\"outer-word\"><span class=\"inner-word\">o&nbsp;<\/span><\/span><span class=\"outer-word\"><span class=\"inner-word\">primeiro&nbsp;<\/span><\/span><span class=\"outer-word\"><span class=\"inner-word\">a&nbsp;<\/span><\/span><span class=\"outer-word\"><span class=\"inner-word\">ver&nbsp;<\/span><\/span><span class=\"outer-word\"><span class=\"inner-word\">o&nbsp;<\/span><\/span><span class=\"outer-word\"><span class=\"inner-word\">que&nbsp;<\/span><\/span><span class=\"outer-word\"><span class=\"inner-word\">vem&nbsp;<\/span><\/span><span class=\"outer-word\"><span class=\"inner-word\">a&nbsp;<\/span><\/span><span class=\"outer-word\"><span class=\"inner-word\">seguir&nbsp;<\/span><\/span><\/h3>\n\t\t\t\t\n\t\t\t\t\t\t\t\t\t\t\t\t\n\t\t\t\t\n\t\t\t\t\t\t\t\t\t\t\t\t\t\n\t\t\t\t\t\t\t\t\t<div class=\"form\">\n\t\t\t\t\t\t<div class=\"form-inner\">\n\t\t\t\t\t\t\t<div class=\"flex gap-[0.75rem]\">\n\t\t\t\t\t\t\t\t<img decoding=\"async\" class=\"w-[1.5625rem] h-[1.5625rem] object-contain\" src=\"https:\/\/robotics.omron.com\/wp-content\/themes\/omron\/assets\/img\/png\/rss.png\" width=\"25\" height=\"25\" loading=\"lazy\" alt=\"rss\">\n\t\t\t\t\t\t\t\t<p class=\"lg text-white\">Cadastre-se para receber atualiza\u00e7\u00f5es exclusivas do lan\u00e7amento<\/p>\n\t\t\t\t\t\t\t<\/div>\n\n\t\t\t\t\t\t\t<div class=\"form-container blog-footer-form\" data-region=\"na2\" data-form-id=\"89b12564-8f3c-4333-b548-a39e4c428780\" data-portal-id=\"47882041\"><\/div>\n\t\t\t\t\t\t<\/div>\n\n\t\t\t\t\t\t<div class=\"form-graphic\">\n\t\t\t\t\t\t\t<img decoding=\"async\" class=\"object-contain\" src=\"https:\/\/robotics.omron.com\/wp-content\/themes\/omron\/assets\/img\/svg\/form-circle.svg\" width=\"218\" height=\"214\" loading=\"lazy\" alt=\"form circle background\">\n\t\t\t\t\t\t<\/div>\n\t\t\t\t\t<\/div>\n\t\t\t\t\t\t\t<\/div>\n\t\t<\/div>\n\t<\/div>\n\n\t<div class=\"absolute top-0 w-full left-[50%] translate-x-[-50%] min-w-[90rem] scale-y-[-1] pointer-events-none z-[1]\">\n\t\t<div class=\"lottie\" data-json=\"https:\/\/robotics.omron.com\/wp-content\/themes\/omron\/assets\/json\/lottie\/green-trail-on-light.json\"><\/div>\n\t<\/div>\n<\/section>\n","protected":false},"excerpt":{"rendered":"","protected":false},"author":2,"featured_media":187802,"parent":0,"menu_order":0,"comment_status":"closed","ping_status":"closed","template":"","meta":{"_acf_changed":false,"footnotes":""},"class_list":["post-187032","page","type-page","status-publish","has-post-thumbnail","hentry"],"acf":[],"yoast_head":"<!-- This site is optimized with the Yoast SEO Premium plugin v25.0 (Yoast SEO v26.5) - https:\/\/yoast.com\/wordpress\/plugins\/seo\/ -->\n<title>Nova S\u00e9rie LD - OMRON Robotics<\/title>\n<meta name=\"robots\" content=\"index, follow, max-snippet:-1, max-image-preview:large, max-video-preview:-1\" \/>\n<link rel=\"canonical\" href=\"https:\/\/robotics.omron.com\/pt-br\/new-ld-series\/\" \/>\n<meta property=\"og:locale\" content=\"pt_BR\" \/>\n<meta property=\"og:type\" content=\"article\" \/>\n<meta property=\"og:title\" content=\"Nova S\u00e9rie LD\" \/>\n<meta property=\"og:url\" content=\"https:\/\/robotics.omron.com\/pt-br\/new-ld-series\/\" \/>\n<meta property=\"og:site_name\" content=\"OMRON Robotics\" \/>\n<meta property=\"article:modified_time\" content=\"2026-04-06T15:13:03+00:00\" \/>\n<meta name=\"twitter:card\" content=\"summary_large_image\" \/>\n<script type=\"application\/ld+json\" class=\"yoast-schema-graph\">{\"@context\":\"https:\/\/schema.org\",\"@graph\":[{\"@type\":\"WebPage\",\"@id\":\"https:\/\/robotics.omron.com\/pt-br\/new-ld-series\/\",\"url\":\"https:\/\/robotics.omron.com\/pt-br\/new-ld-series\/\",\"name\":\"Nova S\u00e9rie LD - OMRON Robotics\",\"isPartOf\":{\"@id\":\"https:\/\/robotics.omron.com\/pt-br\/#website\"},\"primaryImageOfPage\":{\"@id\":\"https:\/\/robotics.omron.com\/pt-br\/new-ld-series\/#primaryimage\"},\"image\":{\"@id\":\"https:\/\/robotics.omron.com\/pt-br\/new-ld-series\/#primaryimage\"},\"thumbnailUrl\":\"https:\/\/robotics.omron.com\/wp-content\/uploads\/2026\/04\/LD-AD-2.jpg\",\"datePublished\":\"2026-04-06T14:42:41+00:00\",\"dateModified\":\"2026-04-06T15:13:03+00:00\",\"breadcrumb\":{\"@id\":\"https:\/\/robotics.omron.com\/pt-br\/new-ld-series\/#breadcrumb\"},\"inLanguage\":\"pt-BR\",\"potentialAction\":[{\"@type\":\"ReadAction\",\"target\":[\"https:\/\/robotics.omron.com\/pt-br\/new-ld-series\/\"]}]},{\"@type\":\"ImageObject\",\"inLanguage\":\"pt-BR\",\"@id\":\"https:\/\/robotics.omron.com\/pt-br\/new-ld-series\/#primaryimage\",\"url\":\"https:\/\/robotics.omron.com\/wp-content\/uploads\/2026\/04\/LD-AD-2.jpg\",\"contentUrl\":\"https:\/\/robotics.omron.com\/wp-content\/uploads\/2026\/04\/LD-AD-2.jpg\",\"width\":1200,\"height\":1200,\"caption\":\"Two autonomous mobile robots with blue circular lights and teaser text about the shape of things to come.\"},{\"@type\":\"BreadcrumbList\",\"@id\":\"https:\/\/robotics.omron.com\/pt-br\/new-ld-series\/#breadcrumb\",\"itemListElement\":[{\"@type\":\"ListItem\",\"position\":1,\"name\":\"Home\",\"item\":\"https:\/\/robotics.omron.com\/pt-br\/\"},{\"@type\":\"ListItem\",\"position\":2,\"name\":\"Nova S\u00e9rie LD\"}]},{\"@type\":\"WebSite\",\"@id\":\"https:\/\/robotics.omron.com\/pt-br\/#website\",\"url\":\"https:\/\/robotics.omron.com\/pt-br\/\",\"name\":\"OMRON Robotics\",\"description\":\"Transforming Manufacturing Through Robotics\",\"publisher\":{\"@id\":\"https:\/\/robotics.omron.com\/pt-br\/#organization\"},\"potentialAction\":[{\"@type\":\"SearchAction\",\"target\":{\"@type\":\"EntryPoint\",\"urlTemplate\":\"https:\/\/robotics.omron.com\/pt-br\/?s={search_term_string}\"},\"query-input\":{\"@type\":\"PropertyValueSpecification\",\"valueRequired\":true,\"valueName\":\"search_term_string\"}}],\"inLanguage\":\"pt-BR\"},{\"@type\":\"Organization\",\"@id\":\"https:\/\/robotics.omron.com\/pt-br\/#organization\",\"name\":\"OMRON Robotics\",\"url\":\"https:\/\/robotics.omron.com\/pt-br\/\",\"logo\":{\"@type\":\"ImageObject\",\"inLanguage\":\"pt-BR\",\"@id\":\"https:\/\/robotics.omron.com\/pt-br\/#\/schema\/logo\/image\/\",\"url\":\"https:\/\/robotics.omron.com\/wp-content\/uploads\/2025\/08\/OMRON_Logo.svg?w=1024\",\"contentUrl\":\"https:\/\/robotics.omron.com\/wp-content\/uploads\/2025\/08\/OMRON_Logo.svg?w=1024\",\"width\":\"1024\",\"height\":\"1024\",\"caption\":\"OMRON Robotics\"},\"image\":{\"@id\":\"https:\/\/robotics.omron.com\/pt-br\/#\/schema\/logo\/image\/\"},\"sameAs\":[\"https:\/\/www.linkedin.com\/showcase\/omron-robotics\/\",\"https:\/\/www.youtube.com\/@OmronRoboticsAmericas\/featured\"]}]}<\/script>\n<!-- \/ Yoast SEO Premium plugin. -->","yoast_head_json":{"title":"Nova S\u00e9rie LD - OMRON Robotics","robots":{"index":"index","follow":"follow","max-snippet":"max-snippet:-1","max-image-preview":"max-image-preview:large","max-video-preview":"max-video-preview:-1"},"canonical":"https:\/\/robotics.omron.com\/pt-br\/new-ld-series\/","og_locale":"pt_BR","og_type":"article","og_title":"Nova S\u00e9rie LD","og_url":"https:\/\/robotics.omron.com\/pt-br\/new-ld-series\/","og_site_name":"OMRON Robotics","article_modified_time":"2026-04-06T15:13:03+00:00","twitter_card":"summary_large_image","schema":{"@context":"https:\/\/schema.org","@graph":[{"@type":"WebPage","@id":"https:\/\/robotics.omron.com\/pt-br\/new-ld-series\/","url":"https:\/\/robotics.omron.com\/pt-br\/new-ld-series\/","name":"Nova S\u00e9rie LD - OMRON Robotics","isPartOf":{"@id":"https:\/\/robotics.omron.com\/pt-br\/#website"},"primaryImageOfPage":{"@id":"https:\/\/robotics.omron.com\/pt-br\/new-ld-series\/#primaryimage"},"image":{"@id":"https:\/\/robotics.omron.com\/pt-br\/new-ld-series\/#primaryimage"},"thumbnailUrl":"https:\/\/robotics.omron.com\/wp-content\/uploads\/2026\/04\/LD-AD-2.jpg","datePublished":"2026-04-06T14:42:41+00:00","dateModified":"2026-04-06T15:13:03+00:00","breadcrumb":{"@id":"https:\/\/robotics.omron.com\/pt-br\/new-ld-series\/#breadcrumb"},"inLanguage":"pt-BR","potentialAction":[{"@type":"ReadAction","target":["https:\/\/robotics.omron.com\/pt-br\/new-ld-series\/"]}]},{"@type":"ImageObject","inLanguage":"pt-BR","@id":"https:\/\/robotics.omron.com\/pt-br\/new-ld-series\/#primaryimage","url":"https:\/\/robotics.omron.com\/wp-content\/uploads\/2026\/04\/LD-AD-2.jpg","contentUrl":"https:\/\/robotics.omron.com\/wp-content\/uploads\/2026\/04\/LD-AD-2.jpg","width":1200,"height":1200,"caption":"Two autonomous mobile robots with blue circular lights and teaser text about the shape of things to come."},{"@type":"BreadcrumbList","@id":"https:\/\/robotics.omron.com\/pt-br\/new-ld-series\/#breadcrumb","itemListElement":[{"@type":"ListItem","position":1,"name":"Home","item":"https:\/\/robotics.omron.com\/pt-br\/"},{"@type":"ListItem","position":2,"name":"Nova S\u00e9rie LD"}]},{"@type":"WebSite","@id":"https:\/\/robotics.omron.com\/pt-br\/#website","url":"https:\/\/robotics.omron.com\/pt-br\/","name":"OMRON Robotics","description":"Transforming Manufacturing Through Robotics","publisher":{"@id":"https:\/\/robotics.omron.com\/pt-br\/#organization"},"potentialAction":[{"@type":"SearchAction","target":{"@type":"EntryPoint","urlTemplate":"https:\/\/robotics.omron.com\/pt-br\/?s={search_term_string}"},"query-input":{"@type":"PropertyValueSpecification","valueRequired":true,"valueName":"search_term_string"}}],"inLanguage":"pt-BR"},{"@type":"Organization","@id":"https:\/\/robotics.omron.com\/pt-br\/#organization","name":"OMRON Robotics","url":"https:\/\/robotics.omron.com\/pt-br\/","logo":{"@type":"ImageObject","inLanguage":"pt-BR","@id":"https:\/\/robotics.omron.com\/pt-br\/#\/schema\/logo\/image\/","url":"https:\/\/robotics.omron.com\/wp-content\/uploads\/2025\/08\/OMRON_Logo.svg?w=1024","contentUrl":"https:\/\/robotics.omron.com\/wp-content\/uploads\/2025\/08\/OMRON_Logo.svg?w=1024","width":"1024","height":"1024","caption":"OMRON Robotics"},"image":{"@id":"https:\/\/robotics.omron.com\/pt-br\/#\/schema\/logo\/image\/"},"sameAs":["https:\/\/www.linkedin.com\/showcase\/omron-robotics\/","https:\/\/www.youtube.com\/@OmronRoboticsAmericas\/featured"]}]}},"jetpack_sharing_enabled":true,"_links":{"self":[{"href":"https:\/\/robotics.omron.com\/pt-br\/wp-json\/wp\/v2\/pages\/187032","targetHints":{"allow":["GET"]}}],"collection":[{"href":"https:\/\/robotics.omron.com\/pt-br\/wp-json\/wp\/v2\/pages"}],"about":[{"href":"https:\/\/robotics.omron.com\/pt-br\/wp-json\/wp\/v2\/types\/page"}],"author":[{"embeddable":true,"href":"https:\/\/robotics.omron.com\/pt-br\/wp-json\/wp\/v2\/users\/2"}],"replies":[{"embeddable":true,"href":"https:\/\/robotics.omron.com\/pt-br\/wp-json\/wp\/v2\/comments?post=187032"}],"version-history":[{"count":3,"href":"https:\/\/robotics.omron.com\/pt-br\/wp-json\/wp\/v2\/pages\/187032\/revisions"}],"predecessor-version":[{"id":187103,"href":"https:\/\/robotics.omron.com\/pt-br\/wp-json\/wp\/v2\/pages\/187032\/revisions\/187103"}],"wp:featuredmedia":[{"embeddable":true,"href":"https:\/\/robotics.omron.com\/pt-br\/wp-json\/wp\/v2\/media\/187802"}],"wp:attachment":[{"href":"https:\/\/robotics.omron.com\/pt-br\/wp-json\/wp\/v2\/media?parent=187032"}],"curies":[{"name":"wp","href":"https:\/\/api.w.org\/{rel}","templated":true}]}}